{"id":1473,"date":"2025-03-15T17:28:12","date_gmt":"2025-03-15T16:28:12","guid":{"rendered":"https:\/\/www-pp.auberge-au-boeuf.com\/?page_id=1473"},"modified":"2025-11-05T11:47:33","modified_gmt":"2025-11-05T10:47:33","slug":"la-muse-2","status":"publish","type":"page","link":"https:\/\/www.auberge-au-boeuf.fr\/en\/hotel\/la-muse-2","title":{"rendered":"The poet&#8217;s refuge"},"content":{"rendered":"\t\t<div data-elementor-type=\"wp-page\" data-elementor-id=\"1473\" class=\"elementor elementor-1473 elementor-1471\" data-elementor-post-type=\"page\">\n\t\t\t\t<div class=\"elementor-element elementor-element-6f062ac e-flex e-con-boxed e-con e-parent\" data-id=\"6f062ac\" data-element_type=\"container\" data-e-type=\"container\">\n\t\t\t\t\t<div class=\"e-con-inner\">\n\t\t\t\t<div class=\"elementor-element elementor-element-af1b125 elementor-widget elementor-widget-heading\" data-id=\"af1b125\" data-element_type=\"widget\" data-e-type=\"widget\" data-widget_type=\"heading.default\">\n\t\t\t\t<div class=\"elementor-widget-container\">\n\t\t\t\t\t<h3 class=\"elementor-heading-title elementor-size-default\">A fitting tribute to Fr\u00e9d\u00e9rique Brion, the pastor's daughter and \"Muse\" to the famous poet Wolfgang Von G\u0153the in 1770 in Sessenheim.<\/h3>\t\t\t\t<\/div>\n\t\t\t\t<\/div>\n\t\t\t\t\t<\/div>\n\t\t\t\t<\/div>\n\t\t<div class=\"elementor-element elementor-element-cfa657e e-flex e-con-boxed e-con e-parent\" data-id=\"cfa657e\" data-element_type=\"container\" data-e-type=\"container\">\n\t\t\t\t\t<div class=\"e-con-inner\">\n\t\t\t\t<div class=\"elementor-element elementor-element-77b8953 elementor-widget elementor-widget-image\" data-id=\"77b8953\" data-element_type=\"widget\" data-e-type=\"widget\" data-widget_type=\"image.default\">\n\t\t\t\t<div class=\"elementor-widget-container\">\n\t\t\t\t\t\t\t\t\t\t\t\t\t\t\t<img fetchpriority=\"high\" decoding=\"async\" width=\"800\" height=\"534\" src=\"https:\/\/www.auberge-au-boeuf.fr\/wp-content\/uploads\/2025\/03\/auBerge-au-Boeuf-Oree-Des-Reves-Refuge-2-1024x683.jpg\" class=\"attachment-large size-large wp-image-1481\" alt=\"\" srcset=\"http:\/\/www.auberge-au-boeuf.fr\/wp-content\/uploads\/2025\/03\/auBerge-au-Boeuf-Oree-Des-Reves-Refuge-2-1024x683.jpg 1024w, http:\/\/www.auberge-au-boeuf.fr\/wp-content\/uploads\/2025\/03\/auBerge-au-Boeuf-Oree-Des-Reves-Refuge-2-300x200.jpg 300w, http:\/\/www.auberge-au-boeuf.fr\/wp-content\/uploads\/2025\/03\/auBerge-au-Boeuf-Oree-Des-Reves-Refuge-2-768x512.jpg 768w, http:\/\/www.auberge-au-boeuf.fr\/wp-content\/uploads\/2025\/03\/auBerge-au-Boeuf-Oree-Des-Reves-Refuge-2-1536x1024.jpg 1536w, http:\/\/www.auberge-au-boeuf.fr\/wp-content\/uploads\/2025\/03\/auBerge-au-Boeuf-Oree-Des-Reves-Refuge-2.jpg 2048w\" sizes=\"(max-width: 800px) 100vw, 800px\" \/>\t\t\t\t\t\t\t\t\t\t\t\t\t\t\t<\/div>\n\t\t\t\t<\/div>\n\t\t<div class=\"elementor-element elementor-element-4e94daf e-con-full e-flex e-con e-child\" data-id=\"4e94daf\" data-element_type=\"container\" data-e-type=\"container\">\n\t\t\t\t<div class=\"elementor-element elementor-element-49be2c7 elementor-widget elementor-widget-heading\" data-id=\"49be2c7\" data-element_type=\"widget\" data-e-type=\"widget\" data-widget_type=\"heading.default\">\n\t\t\t\t<div class=\"elementor-widget-container\">\n\t\t\t\t\t<h2 class=\"elementor-heading-title elementor-size-default\">The room<\/h2>\t\t\t\t<\/div>\n\t\t\t\t<\/div>\n\t\t\t\t<div class=\"elementor-element elementor-element-d54b673 elementor-widget elementor-widget-text-editor\" data-id=\"d54b673\" data-element_type=\"widget\" data-e-type=\"widget\" data-widget_type=\"text-editor.default\">\n\t\t\t\t<div class=\"elementor-widget-container\">\n\t\t\t\t\t\t\t\t\t<ul>\n \t<li>37 m2 bedroom<\/li>\n \t<li>An invitation to rest, calm and serenity<\/li>\n \t<li>Top-of-the-range bedding<\/li>\n \t<li>Bathroom with walk-in shower<\/li>\n \t<li>Salon<\/li>\n \t<li>Office<\/li>\n \t<li>Air conditioning<\/li>\n \t<li>TV<\/li>\n \t<li>Wi-Fi<\/li>\n \t<li>Espresso machine<\/li>\n \t<li>Mini Bar<\/li>\n<\/ul>\t\t\t\t\t\t\t\t<\/div>\n\t\t\t\t<\/div>\n\t\t\t\t<\/div>\n\t\t\t\t\t<\/div>\n\t\t\t\t<\/div>\n\t\t<div class=\"elementor-element elementor-element-e7e330e e-flex e-con-boxed e-con e-parent\" data-id=\"e7e330e\" data-element_type=\"container\" data-e-type=\"container\">\n\t\t\t\t\t<div class=\"e-con-inner\">\n\t\t\t\t<div class=\"elementor-element elementor-element-bd44272 elementor-widget elementor-widget-heading\" data-id=\"bd44272\" data-element_type=\"widget\" data-e-type=\"widget\" data-widget_type=\"heading.default\">\n\t\t\t\t<div class=\"elementor-widget-container\">\n\t\t\t\t\t<h2 class=\"elementor-heading-title elementor-size-default\">Rates<\/h2>\t\t\t\t<\/div>\n\t\t\t\t<\/div>\n\t\t\t\t\t<\/div>\n\t\t\t\t<\/div>\n\t\t<div class=\"elementor-element elementor-element-82f7a7f e-flex e-con-boxed e-con e-parent\" data-id=\"82f7a7f\" data-element_type=\"container\" data-e-type=\"container\">\n\t\t\t\t\t<div class=\"e-con-inner\">\n\t\t<div class=\"elementor-element elementor-element-e48fb9c e-con-full e-flex e-con e-child\" data-id=\"e48fb9c\" data-element_type=\"container\" data-e-type=\"container\">\n\t\t\t\t<div class=\"elementor-element elementor-element-0a1170d elementor-widget elementor-widget-text-editor\" data-id=\"0a1170d\" data-element_type=\"widget\" data-e-type=\"widget\" data-widget_type=\"text-editor.default\">\n\t\t\t\t<div class=\"elementor-widget-container\">\n\t\t\t\t\t\t\t\t\t<p><strong>Weekdays: \u20ac175*<\/strong> (Monday to Thursday and Sunday evenings)<br><strong>Weekends: \u20ac205*<\/strong> (Friday and Saturday evenings)<\/p>\t\t\t\t\t\t\t\t<\/div>\n\t\t\t\t<\/div>\n\t\t\t\t<div class=\"elementor-element elementor-element-49fb7ba elementor-widget elementor-widget-text-editor\" data-id=\"49fb7ba\" data-element_type=\"widget\" data-e-type=\"widget\" data-widget_type=\"text-editor.default\">\n\t\t\t\t<div class=\"elementor-widget-container\">\n\t\t\t\t\t\t\t\t\t<p><strong>Payment methods accepted: cash, credit cards, bank transfers<\/strong><br><em>* Price per night (1 or 2 people) plus breakfast: 22\u20ac \/ person<\/em><\/p>\t\t\t\t\t\t\t\t<\/div>\n\t\t\t\t<\/div>\n\t\t\t\t<\/div>\n\t\t<div class=\"elementor-element elementor-element-76fb7a2 e-con-full e-flex e-con e-child\" data-id=\"76fb7a2\" data-element_type=\"container\" data-e-type=\"container\">\n\t\t\t\t<div class=\"elementor-element elementor-element-beb0dac elementor-widget elementor-widget-text-editor\" data-id=\"beb0dac\" data-element_type=\"widget\" data-e-type=\"widget\" data-widget_type=\"text-editor.default\">\n\t\t\t\t<div class=\"elementor-widget-container\">\n\t\t\t\t\t\t\t\t\t<p>Extra bed: <strong>\u20ac25<\/strong><br>Pets: <strong>\u20ac15<\/strong><\/p>\t\t\t\t\t\t\t\t<\/div>\n\t\t\t\t<\/div>\n\t\t\t\t<\/div>\n\t\t\t\t\t<\/div>\n\t\t\t\t<\/div>\n\t\t<div class=\"elementor-element elementor-element-0e821d0 e-flex e-con-boxed e-con e-parent\" data-id=\"0e821d0\" data-element_type=\"container\" data-e-type=\"container\" data-settings=\"{&quot;motion_fx_motion_fx_scrolling&quot;:&quot;yes&quot;,&quot;motion_fx_opacity_effect&quot;:&quot;yes&quot;,&quot;motion_fx_opacity_range&quot;:{&quot;unit&quot;:&quot;%&quot;,&quot;size&quot;:&quot;&quot;,&quot;sizes&quot;:{&quot;start&quot;:10,&quot;end&quot;:60}},&quot;motion_fx_opacity_direction&quot;:&quot;out-in&quot;,&quot;motion_fx_opacity_level&quot;:{&quot;unit&quot;:&quot;px&quot;,&quot;size&quot;:10,&quot;sizes&quot;:[]},&quot;motion_fx_devices&quot;:[&quot;desktop&quot;,&quot;tablet&quot;,&quot;mobile&quot;]}\">\n\t\t\t\t\t<div class=\"e-con-inner\">\n\t\t\t\t<div class=\"elementor-element elementor-element-e9f6dee elementor-widget elementor-widget-image\" data-id=\"e9f6dee\" data-element_type=\"widget\" data-e-type=\"widget\" data-widget_type=\"image.default\">\n\t\t\t\t<div class=\"elementor-widget-container\">\n\t\t\t\t\t\t\t\t\t\t\t\t\t\t\t<img decoding=\"async\" width=\"800\" height=\"534\" src=\"https:\/\/www.auberge-au-boeuf.fr\/wp-content\/uploads\/2025\/03\/auBerge-au-Boeuf-Oree-Des-Reves-Refuge-5-1024x683.jpg\" class=\"attachment-large size-large wp-image-1487\" alt=\"\" srcset=\"http:\/\/www.auberge-au-boeuf.fr\/wp-content\/uploads\/2025\/03\/auBerge-au-Boeuf-Oree-Des-Reves-Refuge-5-1024x683.jpg 1024w, http:\/\/www.auberge-au-boeuf.fr\/wp-content\/uploads\/2025\/03\/auBerge-au-Boeuf-Oree-Des-Reves-Refuge-5-300x200.jpg 300w, http:\/\/www.auberge-au-boeuf.fr\/wp-content\/uploads\/2025\/03\/auBerge-au-Boeuf-Oree-Des-Reves-Refuge-5-768x512.jpg 768w, http:\/\/www.auberge-au-boeuf.fr\/wp-content\/uploads\/2025\/03\/auBerge-au-Boeuf-Oree-Des-Reves-Refuge-5-1536x1024.jpg 1536w, http:\/\/www.auberge-au-boeuf.fr\/wp-content\/uploads\/2025\/03\/auBerge-au-Boeuf-Oree-Des-Reves-Refuge-5.jpg 2048w\" sizes=\"(max-width: 800px) 100vw, 800px\" \/>\t\t\t\t\t\t\t\t\t\t\t\t\t\t\t<\/div>\n\t\t\t\t<\/div>\n\t\t\t\t<div class=\"elementor-element elementor-element-a58a21d elementor-widget elementor-widget-image\" data-id=\"a58a21d\" data-element_type=\"widget\" data-e-type=\"widget\" data-widget_type=\"image.default\">\n\t\t\t\t<div class=\"elementor-widget-container\">\n\t\t\t\t\t\t\t\t\t\t\t\t\t\t\t<img decoding=\"async\" width=\"800\" height=\"534\" src=\"https:\/\/www.auberge-au-boeuf.fr\/wp-content\/uploads\/2025\/03\/auBerge-au-Boeuf-Oree-Des-Reves-Refuge-4-1024x683.jpg\" class=\"attachment-large size-large wp-image-1484\" alt=\"\" srcset=\"http:\/\/www.auberge-au-boeuf.fr\/wp-content\/uploads\/2025\/03\/auBerge-au-Boeuf-Oree-Des-Reves-Refuge-4-1024x683.jpg 1024w, http:\/\/www.auberge-au-boeuf.fr\/wp-content\/uploads\/2025\/03\/auBerge-au-Boeuf-Oree-Des-Reves-Refuge-4-300x200.jpg 300w, http:\/\/www.auberge-au-boeuf.fr\/wp-content\/uploads\/2025\/03\/auBerge-au-Boeuf-Oree-Des-Reves-Refuge-4-768x512.jpg 768w, http:\/\/www.auberge-au-boeuf.fr\/wp-content\/uploads\/2025\/03\/auBerge-au-Boeuf-Oree-Des-Reves-Refuge-4-1536x1024.jpg 1536w, http:\/\/www.auberge-au-boeuf.fr\/wp-content\/uploads\/2025\/03\/auBerge-au-Boeuf-Oree-Des-Reves-Refuge-4.jpg 2048w\" sizes=\"(max-width: 800px) 100vw, 800px\" \/>\t\t\t\t\t\t\t\t\t\t\t\t\t\t\t<\/div>\n\t\t\t\t<\/div>\n\t\t\t\t\t<\/div>\n\t\t\t\t<\/div>\n\t\t\t\t<\/div>\n\t\t","protected":false},"excerpt":{"rendered":"<p>A fitting tribute to Fr\u00e9d\u00e9rique Brion, the pastor&#8217;s daughter and &#8220;Muse&#8221; to the famous poet Wolfgang Von G\u0153the in 1770 in Sessenheim. The room 37 m2 bedroom An invitation to rest, calm and serenity Top-of-the-range bedding Bathroom with walk-in shower Salon Office Air conditioning TV Wi-Fi Espresso machine Mini Bar Rates Weekdays: \u20ac175* (Monday to [&hellip;]<\/p>\n","protected":false},"author":1,"featured_media":0,"parent":1250,"menu_order":0,"comment_status":"closed","ping_status":"closed","template":"","meta":{"_acf_changed":false,"footnotes":""},"type-page":[26],"class_list":["post-1473","page","type-page","status-publish","hentry","type-page-hotel"],"acf":[],"_links":{"self":[{"href":"https:\/\/www.auberge-au-boeuf.fr\/en\/wp-json\/wp\/v2\/pages\/1473","targetHints":{"allow":["GET"]}}],"collection":[{"href":"https:\/\/www.auberge-au-boeuf.fr\/en\/wp-json\/wp\/v2\/pages"}],"about":[{"href":"https:\/\/www.auberge-au-boeuf.fr\/en\/wp-json\/wp\/v2\/types\/page"}],"author":[{"embeddable":true,"href":"https:\/\/www.auberge-au-boeuf.fr\/en\/wp-json\/wp\/v2\/users\/1"}],"replies":[{"embeddable":true,"href":"https:\/\/www.auberge-au-boeuf.fr\/en\/wp-json\/wp\/v2\/comments?post=1473"}],"version-history":[{"count":6,"href":"https:\/\/www.auberge-au-boeuf.fr\/en\/wp-json\/wp\/v2\/pages\/1473\/revisions"}],"predecessor-version":[{"id":1898,"href":"https:\/\/www.auberge-au-boeuf.fr\/en\/wp-json\/wp\/v2\/pages\/1473\/revisions\/1898"}],"up":[{"embeddable":true,"href":"https:\/\/www.auberge-au-boeuf.fr\/en\/wp-json\/wp\/v2\/pages\/1250"}],"wp:attachment":[{"href":"https:\/\/www.auberge-au-boeuf.fr\/en\/wp-json\/wp\/v2\/media?parent=1473"}],"wp:term":[{"taxonomy":"type-page","embeddable":true,"href":"https:\/\/www.auberge-au-boeuf.fr\/en\/wp-json\/wp\/v2\/type-page?post=1473"}],"curies":[{"name":"wp","href":"https:\/\/api.w.org\/{rel}","templated":true}]}}