{"id":1250,"date":"2025-03-15T14:05:38","date_gmt":"2025-03-15T13:05:38","guid":{"rendered":"https:\/\/www-pp.auberge-au-boeuf.com\/hotel"},"modified":"2025-03-15T18:28:04","modified_gmt":"2025-03-15T17:28:04","slug":"hotel","status":"publish","type":"page","link":"https:\/\/www.auberge-au-boeuf.fr\/en\/hotel","title":{"rendered":"Hotel ***"},"content":{"rendered":"\t\t<div data-elementor-type=\"wp-page\" data-elementor-id=\"1250\" class=\"elementor elementor-1250 elementor-1247\" data-elementor-post-type=\"page\">\n\t\t\t\t<div class=\"elementor-element elementor-element-f6ba026 e-flex e-con-boxed e-con e-parent\" data-id=\"f6ba026\" data-element_type=\"container\" data-e-type=\"container\">\n\t\t\t\t\t<div class=\"e-con-inner\">\n\t\t<div class=\"elementor-element elementor-element-e4b3997 e-con-full e-flex e-con e-child\" data-id=\"e4b3997\" data-element_type=\"container\" data-e-type=\"container\">\n\t\t\t\t<div class=\"elementor-element elementor-element-f25dd1d elementor-widget elementor-widget-heading\" data-id=\"f25dd1d\" data-element_type=\"widget\" data-e-type=\"widget\" data-widget_type=\"heading.default\">\n\t\t\t\t<div class=\"elementor-widget-container\">\n\t\t\t\t\t<h2 class=\"elementor-heading-title elementor-size-default\">The idyllic Hotel in Sessenheim<\/h2>\t\t\t\t<\/div>\n\t\t\t\t<\/div>\n\t\t\t\t<div class=\"elementor-element elementor-element-c40c3c1 elementor-widget elementor-widget-text-editor\" data-id=\"c40c3c1\" data-element_type=\"widget\" data-e-type=\"widget\" data-widget_type=\"text-editor.default\">\n\t\t\t\t<div class=\"elementor-widget-container\">\n\t\t\t\t\t\t\t\t\t<p>At the<strong>Auberge au B\u0153uf<\/strong>, hospitality has always been a driving force behind our development. Finding refuge, warmth and family spirit in the most melodious of dreams.<\/p><p><strong>A family home<\/strong><br>For 4 generations, the innkeepers of Sessenheim have lived and breathed an Alsatian art de vivre, where generations and exchanges mingle and merge.<\/p><p>Its half-timbering and memory remind us that time is only a measure, and that moments become eternities in our memories. It&#8217;s a world in itself that we invite you to discover, an inhabited place, sensitive to its past, present and future.<\/p>\t\t\t\t\t\t\t\t<\/div>\n\t\t\t\t<\/div>\n\t\t\t\t<div class=\"elementor-element elementor-element-d498cd7 elementor-widget elementor-widget-heading\" data-id=\"d498cd7\" data-element_type=\"widget\" data-e-type=\"widget\" data-widget_type=\"heading.default\">\n\t\t\t\t<div class=\"elementor-widget-container\">\n\t\t\t\t\t<h2 class=\"elementor-heading-title elementor-size-default\">Rooms &amp; suites<\/h2>\t\t\t\t<\/div>\n\t\t\t\t<\/div>\n\t\t\t\t<div class=\"elementor-element elementor-element-b27238f elementor-widget elementor-widget-text-editor\" data-id=\"b27238f\" data-element_type=\"widget\" data-e-type=\"widget\" data-widget_type=\"text-editor.default\">\n\t\t\t\t<div class=\"elementor-widget-container\">\n\t\t\t\t\t\t\t\t\t<div id=\"menus\" class=\"row pt-5\"><div class=\"offset-md-1 col-md-10 pt-5\"><div class=\"txtsoustitre \"><h4>Each room is a bright, spacious universe, ready to enchant the dreams of its guests.<\/h4><\/div><\/div><\/div>\t\t\t\t\t\t\t\t<\/div>\n\t\t\t\t<\/div>\n\t\t\t\t<\/div>\n\t\t\t\t\t<\/div>\n\t\t\t\t<\/div>\n\t\t<div class=\"elementor-element elementor-element-0c70087 e-con-full e-flex e-con e-parent\" data-id=\"0c70087\" data-element_type=\"container\" data-e-type=\"container\">\n\t\t<div class=\"elementor-element elementor-element-e82ec84 e-con-full e-flex e-con e-child\" data-id=\"e82ec84\" data-element_type=\"container\" data-e-type=\"container\">\n\t\t\t\t<div class=\"elementor-element elementor-element-0cb25b3 elementor-widget elementor-widget-image\" data-id=\"0cb25b3\" data-element_type=\"widget\" data-e-type=\"widget\" data-widget_type=\"image.default\">\n\t\t\t\t<div class=\"elementor-widget-container\">\n\t\t\t\t\t\t\t\t\t\t\t\t\t\t\t<img fetchpriority=\"high\" decoding=\"async\" width=\"800\" height=\"550\" src=\"https:\/\/www.auberge-au-boeuf.fr\/wp-content\/uploads\/2025\/03\/muse.jpg\" class=\"attachment-large size-large wp-image-1263\" alt=\"\" srcset=\"https:\/\/www.auberge-au-boeuf.fr\/wp-content\/uploads\/2025\/03\/muse.jpg 800w, https:\/\/www.auberge-au-boeuf.fr\/wp-content\/uploads\/2025\/03\/muse-300x206.jpg 300w, https:\/\/www.auberge-au-boeuf.fr\/wp-content\/uploads\/2025\/03\/muse-768x528.jpg 768w\" sizes=\"(max-width: 800px) 100vw, 800px\" \/>\t\t\t\t\t\t\t\t\t\t\t\t\t\t\t<\/div>\n\t\t\t\t<\/div>\n\t\t\t\t<div class=\"elementor-element elementor-element-b53940c elementor-widget elementor-widget-heading\" data-id=\"b53940c\" data-element_type=\"widget\" data-e-type=\"widget\" data-widget_type=\"heading.default\">\n\t\t\t\t<div class=\"elementor-widget-container\">\n\t\t\t\t\t<h2 class=\"elementor-heading-title elementor-size-default\">La Muse<\/h2>\t\t\t\t<\/div>\n\t\t\t\t<\/div>\n\t\t\t\t<div class=\"elementor-element elementor-element-a3b5ffd elementor-widget elementor-widget-text-editor\" data-id=\"a3b5ffd\" data-element_type=\"widget\" data-e-type=\"widget\" data-widget_type=\"text-editor.default\">\n\t\t\t\t<div class=\"elementor-widget-container\">\n\t\t\t\t\t\t\t\t\t<p><strong>The name &#8220;La Muse&#8221;<\/strong> is a nice reference to Fr\u00e9d\u00e9rique Brion, the pastor&#8217;s daughter and &#8220;Muse&#8221; of the famous poet Wolfgang Von G\u0153the in 1770 in Sessenheim.<\/p>\t\t\t\t\t\t\t\t<\/div>\n\t\t\t\t<\/div>\n\t\t\t\t<div class=\"elementor-element elementor-element-4d9e70c elementor-align-center elementor-widget elementor-widget-button\" data-id=\"4d9e70c\" data-element_type=\"widget\" data-e-type=\"widget\" data-widget_type=\"button.default\">\n\t\t\t\t<div class=\"elementor-widget-container\">\n\t\t\t\t\t\t\t\t\t<div class=\"elementor-button-wrapper\">\n\t\t\t\t\t<a class=\"elementor-button elementor-button-link elementor-size-sm\" href=\"https:\/\/www-pp.auberge-au-boeuf.com\/en\/hotel\/room-la-muse\">\n\t\t\t\t\t\t<span class=\"elementor-button-content-wrapper\">\n\t\t\t\t\t\t\t\t\t<span class=\"elementor-button-text\">Visit the room<\/span>\n\t\t\t\t\t<\/span>\n\t\t\t\t\t<\/a>\n\t\t\t\t<\/div>\n\t\t\t\t\t\t\t\t<\/div>\n\t\t\t\t<\/div>\n\t\t\t\t<\/div>\n\t\t<div class=\"elementor-element elementor-element-89ed780 e-con-full e-flex e-con e-child\" data-id=\"89ed780\" data-element_type=\"container\" data-e-type=\"container\">\n\t\t\t\t<div class=\"elementor-element elementor-element-f800141 elementor-widget elementor-widget-image\" data-id=\"f800141\" data-element_type=\"widget\" data-e-type=\"widget\" data-widget_type=\"image.default\">\n\t\t\t\t<div class=\"elementor-widget-container\">\n\t\t\t\t\t\t\t\t\t\t\t\t\t\t\t<img decoding=\"async\" width=\"800\" height=\"550\" src=\"https:\/\/www.auberge-au-boeuf.fr\/wp-content\/uploads\/2025\/03\/atelier.jpg\" class=\"attachment-large size-large wp-image-1257\" alt=\"\" srcset=\"https:\/\/www.auberge-au-boeuf.fr\/wp-content\/uploads\/2025\/03\/atelier.jpg 800w, https:\/\/www.auberge-au-boeuf.fr\/wp-content\/uploads\/2025\/03\/atelier-300x206.jpg 300w, https:\/\/www.auberge-au-boeuf.fr\/wp-content\/uploads\/2025\/03\/atelier-768x528.jpg 768w\" sizes=\"(max-width: 800px) 100vw, 800px\" \/>\t\t\t\t\t\t\t\t\t\t\t\t\t\t\t<\/div>\n\t\t\t\t<\/div>\n\t\t\t\t<div class=\"elementor-element elementor-element-0014b33 elementor-widget elementor-widget-heading\" data-id=\"0014b33\" data-element_type=\"widget\" data-e-type=\"widget\" data-widget_type=\"heading.default\">\n\t\t\t\t<div class=\"elementor-widget-container\">\n\t\t\t\t\t<h2 class=\"elementor-heading-title elementor-size-default\">L'Atelier d'Henri<\/h2>\t\t\t\t<\/div>\n\t\t\t\t<\/div>\n\t\t\t\t<div class=\"elementor-element elementor-element-71b729e elementor-widget elementor-widget-text-editor\" data-id=\"71b729e\" data-element_type=\"widget\" data-e-type=\"widget\" data-widget_type=\"text-editor.default\">\n\t\t\t\t<div class=\"elementor-widget-container\">\n\t\t\t\t\t\t\t\t\t<p><strong>Henri Loux<\/strong> is a famous painter, traveler and passionate lover of his region. All his work is a hymn to the Alsace region.<\/p>\t\t\t\t\t\t\t\t<\/div>\n\t\t\t\t<\/div>\n\t\t\t\t<div class=\"elementor-element elementor-element-50cf39f elementor-align-center elementor-widget elementor-widget-button\" data-id=\"50cf39f\" data-element_type=\"widget\" data-e-type=\"widget\" data-widget_type=\"button.default\">\n\t\t\t\t<div class=\"elementor-widget-container\">\n\t\t\t\t\t\t\t\t\t<div class=\"elementor-button-wrapper\">\n\t\t\t\t\t<a class=\"elementor-button elementor-button-link elementor-size-sm\" href=\"https:\/\/www-pp.auberge-au-boeuf.com\/en\/hotel\/la-muse\">\n\t\t\t\t\t\t<span class=\"elementor-button-content-wrapper\">\n\t\t\t\t\t\t\t\t\t<span class=\"elementor-button-text\">Visit the room<\/span>\n\t\t\t\t\t<\/span>\n\t\t\t\t\t<\/a>\n\t\t\t\t<\/div>\n\t\t\t\t\t\t\t\t<\/div>\n\t\t\t\t<\/div>\n\t\t\t\t<\/div>\n\t\t<div class=\"elementor-element elementor-element-dc283a9 e-con-full e-flex e-con e-child\" data-id=\"dc283a9\" data-element_type=\"container\" data-e-type=\"container\">\n\t\t\t\t<div class=\"elementor-element elementor-element-e1b1e94 elementor-widget elementor-widget-image\" data-id=\"e1b1e94\" data-element_type=\"widget\" data-e-type=\"widget\" data-widget_type=\"image.default\">\n\t\t\t\t<div class=\"elementor-widget-container\">\n\t\t\t\t\t\t\t\t\t\t\t\t\t\t\t<img decoding=\"async\" width=\"800\" height=\"550\" src=\"https:\/\/www.auberge-au-boeuf.fr\/wp-content\/uploads\/2025\/03\/idylle.jpg\" class=\"attachment-large size-large wp-image-1260\" alt=\"\" srcset=\"https:\/\/www.auberge-au-boeuf.fr\/wp-content\/uploads\/2025\/03\/idylle.jpg 800w, https:\/\/www.auberge-au-boeuf.fr\/wp-content\/uploads\/2025\/03\/idylle-300x206.jpg 300w, https:\/\/www.auberge-au-boeuf.fr\/wp-content\/uploads\/2025\/03\/idylle-768x528.jpg 768w\" sizes=\"(max-width: 800px) 100vw, 800px\" \/>\t\t\t\t\t\t\t\t\t\t\t\t\t\t\t<\/div>\n\t\t\t\t<\/div>\n\t\t\t\t<div class=\"elementor-element elementor-element-4f277cf elementor-widget elementor-widget-heading\" data-id=\"4f277cf\" data-element_type=\"widget\" data-e-type=\"widget\" data-widget_type=\"heading.default\">\n\t\t\t\t<div class=\"elementor-widget-container\">\n\t\t\t\t\t<h2 class=\"elementor-heading-title elementor-size-default\">L'Idylle<\/h2>\t\t\t\t<\/div>\n\t\t\t\t<\/div>\n\t\t\t\t<div class=\"elementor-element elementor-element-6f78b4c elementor-widget elementor-widget-text-editor\" data-id=\"6f78b4c\" data-element_type=\"widget\" data-e-type=\"widget\" data-widget_type=\"text-editor.default\">\n\t\t\t\t<div class=\"elementor-widget-container\">\n\t\t\t\t\t\t\t\t\t<p>A nod to the love affair between <strong>Johann Wolfgang Von Goethe<\/strong> and Fr\u00e9d\u00e9rique Brion &#8220;The most charming star in this country sky&#8221;, a story at least as romantic as that of Verona&#8230;<\/p>\t\t\t\t\t\t\t\t<\/div>\n\t\t\t\t<\/div>\n\t\t\t\t<div class=\"elementor-element elementor-element-7da6721 elementor-align-center elementor-widget elementor-widget-button\" data-id=\"7da6721\" data-element_type=\"widget\" data-e-type=\"widget\" data-widget_type=\"button.default\">\n\t\t\t\t<div class=\"elementor-widget-container\">\n\t\t\t\t\t\t\t\t\t<div class=\"elementor-button-wrapper\">\n\t\t\t\t\t<a class=\"elementor-button elementor-button-link elementor-size-sm\" href=\"https:\/\/www-pp.auberge-au-boeuf.com\/en\/hotel\/latelier-dhenri\">\n\t\t\t\t\t\t<span class=\"elementor-button-content-wrapper\">\n\t\t\t\t\t\t\t\t\t<span class=\"elementor-button-text\">Visit the room<\/span>\n\t\t\t\t\t<\/span>\n\t\t\t\t\t<\/a>\n\t\t\t\t<\/div>\n\t\t\t\t\t\t\t\t<\/div>\n\t\t\t\t<\/div>\n\t\t\t\t<\/div>\n\t\t<div class=\"elementor-element elementor-element-2209c5e e-con-full e-flex e-con e-child\" data-id=\"2209c5e\" data-element_type=\"container\" data-e-type=\"container\">\n\t\t\t\t<div class=\"elementor-element elementor-element-5f68337 elementor-widget elementor-widget-image\" data-id=\"5f68337\" data-element_type=\"widget\" data-e-type=\"widget\" data-widget_type=\"image.default\">\n\t\t\t\t<div class=\"elementor-widget-container\">\n\t\t\t\t\t\t\t\t\t\t\t\t\t\t\t<img loading=\"lazy\" decoding=\"async\" width=\"800\" height=\"550\" src=\"https:\/\/www.auberge-au-boeuf.fr\/wp-content\/uploads\/2025\/03\/refuge-poete.jpg\" class=\"attachment-large size-large wp-image-1266\" alt=\"\" srcset=\"https:\/\/www.auberge-au-boeuf.fr\/wp-content\/uploads\/2025\/03\/refuge-poete.jpg 800w, https:\/\/www.auberge-au-boeuf.fr\/wp-content\/uploads\/2025\/03\/refuge-poete-300x206.jpg 300w, https:\/\/www.auberge-au-boeuf.fr\/wp-content\/uploads\/2025\/03\/refuge-poete-768x528.jpg 768w\" sizes=\"(max-width: 800px) 100vw, 800px\" \/>\t\t\t\t\t\t\t\t\t\t\t\t\t\t\t<\/div>\n\t\t\t\t<\/div>\n\t\t\t\t<div class=\"elementor-element elementor-element-34c3bc8 elementor-widget elementor-widget-heading\" data-id=\"34c3bc8\" data-element_type=\"widget\" data-e-type=\"widget\" data-widget_type=\"heading.default\">\n\t\t\t\t<div class=\"elementor-widget-container\">\n\t\t\t\t\t<h2 class=\"elementor-heading-title elementor-size-default\">Le Refuge du Po\u00e8te<\/h2>\t\t\t\t<\/div>\n\t\t\t\t<\/div>\n\t\t\t\t<div class=\"elementor-element elementor-element-1820bcc elementor-widget elementor-widget-text-editor\" data-id=\"1820bcc\" data-element_type=\"widget\" data-e-type=\"widget\" data-widget_type=\"text-editor.default\">\n\t\t\t\t<div class=\"elementor-widget-container\">\n\t\t\t\t\t\t\t\t\t<p><strong>Johann Wolfgang Goethe<\/strong>, the great poet, novelist and art theorist, saw Alsatian nature as the &#8220;living garment of divinity&#8221;&#8230;<\/p>\t\t\t\t\t\t\t\t<\/div>\n\t\t\t\t<\/div>\n\t\t\t\t<div class=\"elementor-element elementor-element-59e3286 elementor-align-center elementor-widget elementor-widget-button\" data-id=\"59e3286\" data-element_type=\"widget\" data-e-type=\"widget\" data-widget_type=\"button.default\">\n\t\t\t\t<div class=\"elementor-widget-container\">\n\t\t\t\t\t\t\t\t\t<div class=\"elementor-button-wrapper\">\n\t\t\t\t\t<a class=\"elementor-button elementor-button-link elementor-size-sm\" href=\"https:\/\/www-pp.auberge-au-boeuf.com\/en\/hotel\/la-muse-2\">\n\t\t\t\t\t\t<span class=\"elementor-button-content-wrapper\">\n\t\t\t\t\t\t\t\t\t<span class=\"elementor-button-text\">Visiter la chambre<\/span>\n\t\t\t\t\t<\/span>\n\t\t\t\t\t<\/a>\n\t\t\t\t<\/div>\n\t\t\t\t\t\t\t\t<\/div>\n\t\t\t\t<\/div>\n\t\t\t\t<\/div>\n\t\t\t\t<\/div>\n\t\t\t\t<\/div>\n\t\t","protected":false},"excerpt":{"rendered":"<p>The idyllic Hotel in Sessenheim At theAuberge au B\u0153uf, hospitality has always been a driving force behind our development. Finding refuge, warmth and family spirit in the most melodious of dreams. A family homeFor 4 generations, the innkeepers of Sessenheim have lived and breathed an Alsatian art de vivre, where generations and exchanges mingle and [&hellip;]<\/p>\n","protected":false},"author":1,"featured_media":0,"parent":0,"menu_order":0,"comment_status":"closed","ping_status":"closed","template":"","meta":{"_acf_changed":false,"footnotes":""},"type-page":[],"class_list":["post-1250","page","type-page","status-publish","hentry"],"acf":[],"_links":{"self":[{"href":"https:\/\/www.auberge-au-boeuf.fr\/en\/wp-json\/wp\/v2\/pages\/1250","targetHints":{"allow":["GET"]}}],"collection":[{"href":"https:\/\/www.auberge-au-boeuf.fr\/en\/wp-json\/wp\/v2\/pages"}],"about":[{"href":"https:\/\/www.auberge-au-boeuf.fr\/en\/wp-json\/wp\/v2\/types\/page"}],"author":[{"embeddable":true,"href":"https:\/\/www.auberge-au-boeuf.fr\/en\/wp-json\/wp\/v2\/users\/1"}],"replies":[{"embeddable":true,"href":"https:\/\/www.auberge-au-boeuf.fr\/en\/wp-json\/wp\/v2\/comments?post=1250"}],"version-history":[{"count":9,"href":"https:\/\/www.auberge-au-boeuf.fr\/en\/wp-json\/wp\/v2\/pages\/1250\/revisions"}],"predecessor-version":[{"id":1540,"href":"https:\/\/www.auberge-au-boeuf.fr\/en\/wp-json\/wp\/v2\/pages\/1250\/revisions\/1540"}],"wp:attachment":[{"href":"https:\/\/www.auberge-au-boeuf.fr\/en\/wp-json\/wp\/v2\/media?parent=1250"}],"wp:term":[{"taxonomy":"type-page","embeddable":true,"href":"https:\/\/www.auberge-au-boeuf.fr\/en\/wp-json\/wp\/v2\/type-page?post=1250"}],"curies":[{"name":"wp","href":"https:\/\/api.w.org\/{rel}","templated":true}]}}