{"id":1585,"date":"2025-03-16T11:28:16","date_gmt":"2025-03-16T10:28:16","guid":{"rendered":"https:\/\/www-pp.auberge-au-boeuf.com\/?page_id=1585"},"modified":"2025-03-16T13:59:09","modified_gmt":"2025-03-16T12:59:09","slug":"datenschutzrichtlinie-2","status":"publish","type":"page","link":"https:\/\/www.auberge-au-boeuf.fr\/de\/datenschutzrichtlinie-2","title":{"rendered":"Rechtliche Hinweise"},"content":{"rendered":"\t\t<div data-elementor-type=\"wp-page\" data-elementor-id=\"1585\" class=\"elementor elementor-1585 elementor-1584\" data-elementor-post-type=\"page\">\n\t\t\t\t<div class=\"elementor-element elementor-element-581badf6 e-flex e-con-boxed e-con e-parent\" data-id=\"581badf6\" data-element_type=\"container\" data-e-type=\"container\">\n\t\t\t\t\t<div class=\"e-con-inner\">\n\t\t\t\t<div class=\"elementor-element elementor-element-3ef1510b elementor-widget elementor-widget-text-editor\" data-id=\"3ef1510b\" data-element_type=\"widget\" data-e-type=\"widget\" data-widget_type=\"text-editor.default\">\n\t\t\t\t<div class=\"elementor-widget-container\">\n\t\t\t\t\t\t\t\t\t<h2>Auberge au B\u0153uf<\/h2>\n\n1 rue de l&#8217;Eglise &#8211; 67770 Sessenheim\nTel. 03 88 86 97 14\nEmail: contact@auberge-au-boeuf.fr\nSIRET: 337 874 440 00015\nAPE-Code: 553A\nVerantwortlich f\u00fcr die Ver\u00f6ffentlichung: Yannick GERMAIN, Gesch\u00e4ftsf\u00fchrer\n\nBitte lesen Sie diese Nutzungsbedingungen der Website der Auberge au B\u0153uf aufmerksam durch, bevor Sie diese Website besuchen. Wenn Sie sich auf der Website der Auberge au B\u0153uf einloggen, erkl\u00e4ren Sie sich mit den vorliegenden Bestimmungen der rechtlichen Hinweise einverstanden.\n\n<h2>INFORMATIONEN<\/h2>\n\nDie auf der Website der Auberge au B\u0153uf enthaltenen Informationen, einschlie\u00dflich ihres Aussehens und ihrer Eigenschaften, sind nicht vertraglich bindend.Diese Informationen stellen weder eine Behauptung noch eine Garantie oder Verpflichtung seitens Auberge au B\u0153uf in Bezug auf ein Produkt oder eine Dienstleistung dar; Auberge au B\u0153uf lehnt hiermit jede ausdr\u00fcckliche oder stillschweigende Haftung f\u00fcr deren Vollst\u00e4ndigkeit, Genauigkeit oder Eignung f\u00fcr einen bestimmten Zweck ab. Die Auberge au B\u0153uf \u00fcbernimmt keine Verantwortung f\u00fcr die Relevanz der bereitgestellten Informationen und deren Nutzung durch den Internetnutzer.\n\n<h2>\u00c4NDERUNGEN<\/h2>\n\nDie Auberge au B\u0153uf beh\u00e4lt sich das Recht vor, den Inhalt ihrer Website jederzeit und ohne Vorank\u00fcndigung zu \u00e4ndern oder zu korrigieren.\n\n<h2>GESETZ \u00dcBER INFORMATIK, DATEIEN UND FREIHEITEN CNIL<\/h2>\n\nGem\u00e4\u00df dem Gesetz \u00fcber Informatik und Freiheiten vom 6. Januar 1978; Artikel 34 des Gesetzes Nr. 78-17; haben Sie ein Recht auf Zugang und Berichtigung der Sie betreffenden Daten. Gem\u00e4\u00df dem Gesetz Nr. 2000-719 vom 1. August 2000 k\u00f6nnen die vom Nutzer angegebenen Kontaktdaten auf Antrag der Justizbeh\u00f6rden mitgeteilt werden.\n\n<h2>KONTAKTFORMULAR<\/h2>\n\nDie Informationen, die von den Personen \u00fcber das Kontaktformular gesammelt werden, entsprechen dem Gesetz \u00fcber Informatik und Freiheiten. Wir weisen Sie darauf hin, dass Ihre Antworten freiwillig sind und dass eine Nichtbeantwortung keine besonderen Konsequenzen nach sich zieht. Ihre Antworten m\u00fcssen jedoch ausreichend sein, damit wir die Informationen verarbeiten k\u00f6nnen.\n\n<h2>KONTERFRAKTION<\/h2>\n\nJede Vervielf\u00e4ltigung oder Darstellung, auch teilweise, durch welches Verfahren auch immer, ohne die schriftliche Zustimmung der Auberge au B\u0153uf ist untersagt und rechtswidrig. Die Nichtbeachtung dieses Verbots stellt eine F\u00e4lschung dar, f\u00fcr die der F\u00e4lscher zivil- und strafrechtlich haftbar gemacht werden kann. Dar\u00fcber hinaus k\u00f6nnten die Eigent\u00fcmer der kopierten Inhalte rechtliche Schritte gegen Sie einleiten. Diese Klausel gilt auch f\u00fcr Internetnutzer auf der Durchreise.\n\n<h2>COPYRIGHT UND HOSTING<\/h2>\n\nAlle Rechte vorbehalten \u00a9 2025 Auberge au B\u0153uf. Alle Seiten der Website der Auberge au B\u0153uf sind gesch\u00fctzt. Alle Rechte der Vervielf\u00e4ltigung und Verbreitung vorbehalten.\nDie Website wird von OVH SAS gehostet: 2 rue Kellermann &#8211; BP 80157 59053 ROUBAIX CEDEX 1 FRANCE\nContent Management System: WordPress\u00ae.\nFotonachweis: Mike Weiss\nKreation: St\u00e9phane Germain &#8211; DestInbox SAS &#8211; 31 avenue du G\u00e9n\u00e9ral Leclerc &#8211; 92100 BOULOGNE\t\t\t\t\t\t\t\t<\/div>\n\t\t\t\t<\/div>\n\t\t\t\t\t<\/div>\n\t\t\t\t<\/div>\n\t\t\t\t<\/div>\n\t\t","protected":false},"excerpt":{"rendered":"<p>Auberge au B\u0153uf 1 rue de l&#8217;Eglise &#8211; 67770 Sessenheim Tel. 03 88 86 97 14 Email: contact@auberge-au-boeuf.fr SIRET: 337 874 440 00015 APE-Code: 553A Verantwortlich f\u00fcr die Ver\u00f6ffentlichung: Yannick GERMAIN, Gesch\u00e4ftsf\u00fchrer Bitte lesen Sie diese Nutzungsbedingungen der Website der Auberge au B\u0153uf aufmerksam durch, bevor Sie diese Website besuchen. Wenn Sie sich auf der [&hellip;]<\/p>\n","protected":false},"author":1,"featured_media":0,"parent":0,"menu_order":0,"comment_status":"closed","ping_status":"closed","template":"","meta":{"_acf_changed":false,"footnotes":""},"type-page":[],"class_list":["post-1585","page","type-page","status-publish","hentry"],"acf":[],"_links":{"self":[{"href":"https:\/\/www.auberge-au-boeuf.fr\/de\/wp-json\/wp\/v2\/pages\/1585","targetHints":{"allow":["GET"]}}],"collection":[{"href":"https:\/\/www.auberge-au-boeuf.fr\/de\/wp-json\/wp\/v2\/pages"}],"about":[{"href":"https:\/\/www.auberge-au-boeuf.fr\/de\/wp-json\/wp\/v2\/types\/page"}],"author":[{"embeddable":true,"href":"https:\/\/www.auberge-au-boeuf.fr\/de\/wp-json\/wp\/v2\/users\/1"}],"replies":[{"embeddable":true,"href":"https:\/\/www.auberge-au-boeuf.fr\/de\/wp-json\/wp\/v2\/comments?post=1585"}],"version-history":[{"count":4,"href":"https:\/\/www.auberge-au-boeuf.fr\/de\/wp-json\/wp\/v2\/pages\/1585\/revisions"}],"predecessor-version":[{"id":1609,"href":"https:\/\/www.auberge-au-boeuf.fr\/de\/wp-json\/wp\/v2\/pages\/1585\/revisions\/1609"}],"wp:attachment":[{"href":"https:\/\/www.auberge-au-boeuf.fr\/de\/wp-json\/wp\/v2\/media?parent=1585"}],"wp:term":[{"taxonomy":"type-page","embeddable":true,"href":"https:\/\/www.auberge-au-boeuf.fr\/de\/wp-json\/wp\/v2\/type-page?post=1585"}],"curies":[{"name":"wp","href":"https:\/\/api.w.org\/{rel}","templated":true}]}}