{"id":1327,"date":"2025-03-15T16:16:29","date_gmt":"2025-03-15T15:16:29","guid":{"rendered":"https:\/\/www-pp.auberge-au-boeuf.com\/zimmer-la-muse"},"modified":"2025-11-05T11:44:57","modified_gmt":"2025-11-05T10:44:57","slug":"zimmer-la-muse","status":"publish","type":"page","link":"https:\/\/www.auberge-au-boeuf.fr\/de\/das-hotel\/zimmer-la-muse","title":{"rendered":"Die Muse"},"content":{"rendered":"\t\t<div data-elementor-type=\"wp-page\" data-elementor-id=\"1327\" class=\"elementor elementor-1327 elementor-1325\" data-elementor-post-type=\"page\">\n\t\t\t\t<div class=\"elementor-element elementor-element-6f062ac e-flex e-con-boxed e-con e-parent\" data-id=\"6f062ac\" data-element_type=\"container\" data-e-type=\"container\">\n\t\t\t\t\t<div class=\"e-con-inner\">\n\t\t\t\t<div class=\"elementor-element elementor-element-af1b125 elementor-widget elementor-widget-heading\" data-id=\"af1b125\" data-element_type=\"widget\" data-e-type=\"widget\" data-widget_type=\"heading.default\">\n\t\t\t\t<div class=\"elementor-widget-container\">\n\t\t\t\t\t<h3 class=\"elementor-heading-title elementor-size-default\">Eine sch\u00f6ne Anspielung auf Fr\u00e9d\u00e9rique Brion, die Tochter des Pfarrers und \"Muse\" des ber\u00fchmten Dichters Wolfgang von Goethe im Jahre 1770 in Sessenheim.\n<\/h3>\t\t\t\t<\/div>\n\t\t\t\t<\/div>\n\t\t\t\t\t<\/div>\n\t\t\t\t<\/div>\n\t\t<div class=\"elementor-element elementor-element-cfa657e e-flex e-con-boxed e-con e-parent\" data-id=\"cfa657e\" data-element_type=\"container\" data-e-type=\"container\">\n\t\t\t\t\t<div class=\"e-con-inner\">\n\t\t\t\t<div class=\"elementor-element elementor-element-77b8953 elementor-widget elementor-widget-image\" data-id=\"77b8953\" data-element_type=\"widget\" data-e-type=\"widget\" data-widget_type=\"image.default\">\n\t\t\t\t<div class=\"elementor-widget-container\">\n\t\t\t\t\t\t\t\t\t\t\t\t\t\t\t<img fetchpriority=\"high\" decoding=\"async\" width=\"800\" height=\"534\" src=\"https:\/\/www.auberge-au-boeuf.fr\/wp-content\/uploads\/2025\/03\/auBerge-au-Boeuf-Oree-Des-Reves-Muse-1-1024x683.jpg\" class=\"attachment-large size-large wp-image-1350\" alt=\"\" srcset=\"https:\/\/www.auberge-au-boeuf.fr\/wp-content\/uploads\/2025\/03\/auBerge-au-Boeuf-Oree-Des-Reves-Muse-1-1024x683.jpg 1024w, https:\/\/www.auberge-au-boeuf.fr\/wp-content\/uploads\/2025\/03\/auBerge-au-Boeuf-Oree-Des-Reves-Muse-1-300x200.jpg 300w, https:\/\/www.auberge-au-boeuf.fr\/wp-content\/uploads\/2025\/03\/auBerge-au-Boeuf-Oree-Des-Reves-Muse-1-768x512.jpg 768w, https:\/\/www.auberge-au-boeuf.fr\/wp-content\/uploads\/2025\/03\/auBerge-au-Boeuf-Oree-Des-Reves-Muse-1-1536x1024.jpg 1536w, https:\/\/www.auberge-au-boeuf.fr\/wp-content\/uploads\/2025\/03\/auBerge-au-Boeuf-Oree-Des-Reves-Muse-1.jpg 2048w\" sizes=\"(max-width: 800px) 100vw, 800px\" \/>\t\t\t\t\t\t\t\t\t\t\t\t\t\t\t<\/div>\n\t\t\t\t<\/div>\n\t\t<div class=\"elementor-element elementor-element-4e94daf e-con-full e-flex e-con e-child\" data-id=\"4e94daf\" data-element_type=\"container\" data-e-type=\"container\">\n\t\t\t\t<div class=\"elementor-element elementor-element-49be2c7 elementor-widget elementor-widget-heading\" data-id=\"49be2c7\" data-element_type=\"widget\" data-e-type=\"widget\" data-widget_type=\"heading.default\">\n\t\t\t\t<div class=\"elementor-widget-container\">\n\t\t\t\t\t<h2 class=\"elementor-heading-title elementor-size-default\">Das Zimmer<\/h2>\t\t\t\t<\/div>\n\t\t\t\t<\/div>\n\t\t\t\t<div class=\"elementor-element elementor-element-d54b673 elementor-widget elementor-widget-text-editor\" data-id=\"d54b673\" data-element_type=\"widget\" data-e-type=\"widget\" data-widget_type=\"text-editor.default\">\n\t\t\t\t<div class=\"elementor-widget-container\">\n\t\t\t\t\t\t\t\t\t<ul><li>Zimmer mit 25 m2<\/li><li>Wundersch\u00f6ne Terrasse mit Blick auf unseren Koi-Teich<\/li><li>Klimaanlage<\/li><li>Wohnzimmerecke<\/li><li>Badezimmer<\/li><li>Hochwertige Bettw\u00e4sche<\/li><li>TV<\/li><li>Wi-Fi<\/li><li>Espressomaschine<\/li><li>Mini-Bar<\/li><\/ul>\t\t\t\t\t\t\t\t<\/div>\n\t\t\t\t<\/div>\n\t\t\t\t<\/div>\n\t\t\t\t\t<\/div>\n\t\t\t\t<\/div>\n\t\t<div class=\"elementor-element elementor-element-e7e330e e-flex e-con-boxed e-con e-parent\" data-id=\"e7e330e\" data-element_type=\"container\" data-e-type=\"container\">\n\t\t\t\t\t<div class=\"e-con-inner\">\n\t\t\t\t<div class=\"elementor-element elementor-element-bd44272 elementor-widget elementor-widget-heading\" data-id=\"bd44272\" data-element_type=\"widget\" data-e-type=\"widget\" data-widget_type=\"heading.default\">\n\t\t\t\t<div class=\"elementor-widget-container\">\n\t\t\t\t\t<h2 class=\"elementor-heading-title elementor-size-default\">Preise<\/h2>\t\t\t\t<\/div>\n\t\t\t\t<\/div>\n\t\t\t\t\t<\/div>\n\t\t\t\t<\/div>\n\t\t<div class=\"elementor-element elementor-element-82f7a7f e-flex e-con-boxed e-con e-parent\" data-id=\"82f7a7f\" data-element_type=\"container\" data-e-type=\"container\">\n\t\t\t\t\t<div class=\"e-con-inner\">\n\t\t<div class=\"elementor-element elementor-element-e48fb9c e-con-full e-flex e-con e-child\" data-id=\"e48fb9c\" data-element_type=\"container\" data-e-type=\"container\">\n\t\t\t\t<div class=\"elementor-element elementor-element-0a1170d elementor-widget elementor-widget-text-editor\" data-id=\"0a1170d\" data-element_type=\"widget\" data-e-type=\"widget\" data-widget_type=\"text-editor.default\">\n\t\t\t\t<div class=\"elementor-widget-container\">\n\t\t\t\t\t\t\t\t\t<p><strong>Unter der Woche: 195 \u20ac*<\/strong> (Montag bis Donnerstag und Sonntagabend)<br><strong>Wochenende: 225 \u20ac*<\/strong> (Freitag- und Samstagabend)<\/p>\t\t\t\t\t\t\t\t<\/div>\n\t\t\t\t<\/div>\n\t\t\t\t<div class=\"elementor-element elementor-element-49fb7ba elementor-widget elementor-widget-text-editor\" data-id=\"49fb7ba\" data-element_type=\"widget\" data-e-type=\"widget\" data-widget_type=\"text-editor.default\">\n\t\t\t\t<div class=\"elementor-widget-container\">\n\t\t\t\t\t\t\t\t\t<p><strong>Akzeptierte Zahlungsmittel: Bargeld, Kreditkarten, \u00dcberweisungen.<\/strong><br><em>* Preis pro Nacht (1 oder 2 Personen) zzgl. Fr\u00fchst\u00fcck: 22 \u20ac \/ Person<\/em><\/p>\t\t\t\t\t\t\t\t<\/div>\n\t\t\t\t<\/div>\n\t\t\t\t<\/div>\n\t\t<div class=\"elementor-element elementor-element-76fb7a2 e-con-full e-flex e-con e-child\" data-id=\"76fb7a2\" data-element_type=\"container\" data-e-type=\"container\">\n\t\t\t\t<div class=\"elementor-element elementor-element-beb0dac elementor-widget elementor-widget-text-editor\" data-id=\"beb0dac\" data-element_type=\"widget\" data-e-type=\"widget\" data-widget_type=\"text-editor.default\">\n\t\t\t\t<div class=\"elementor-widget-container\">\n\t\t\t\t\t\t\t\t\t<p>Zus\u00e4tzliches Zustellbett: <strong>\u20ac 25<\/strong><br>Haustiere: <strong>\u20ac 15<\/strong><\/p>\t\t\t\t\t\t\t\t<\/div>\n\t\t\t\t<\/div>\n\t\t\t\t<\/div>\n\t\t\t\t\t<\/div>\n\t\t\t\t<\/div>\n\t\t<div class=\"elementor-element elementor-element-0e821d0 e-flex e-con-boxed e-con e-parent\" data-id=\"0e821d0\" data-element_type=\"container\" data-e-type=\"container\" data-settings=\"{&quot;motion_fx_motion_fx_scrolling&quot;:&quot;yes&quot;,&quot;motion_fx_opacity_effect&quot;:&quot;yes&quot;,&quot;motion_fx_opacity_range&quot;:{&quot;unit&quot;:&quot;%&quot;,&quot;size&quot;:&quot;&quot;,&quot;sizes&quot;:{&quot;start&quot;:10,&quot;end&quot;:60}},&quot;motion_fx_opacity_direction&quot;:&quot;out-in&quot;,&quot;motion_fx_opacity_level&quot;:{&quot;unit&quot;:&quot;px&quot;,&quot;size&quot;:10,&quot;sizes&quot;:[]},&quot;motion_fx_devices&quot;:[&quot;desktop&quot;,&quot;tablet&quot;,&quot;mobile&quot;]}\">\n\t\t\t\t\t<div class=\"e-con-inner\">\n\t\t\t\t<div class=\"elementor-element elementor-element-e9f6dee elementor-widget elementor-widget-image\" data-id=\"e9f6dee\" data-element_type=\"widget\" data-e-type=\"widget\" data-widget_type=\"image.default\">\n\t\t\t\t<div class=\"elementor-widget-container\">\n\t\t\t\t\t\t\t\t\t\t\t\t\t\t\t<img decoding=\"async\" width=\"800\" height=\"534\" src=\"https:\/\/www.auberge-au-boeuf.fr\/wp-content\/uploads\/2025\/03\/auBerge-au-Boeuf-Oree-Des-Reves-Muse-2-1024x683.jpg\" class=\"attachment-large size-large wp-image-1354\" alt=\"\" srcset=\"https:\/\/www.auberge-au-boeuf.fr\/wp-content\/uploads\/2025\/03\/auBerge-au-Boeuf-Oree-Des-Reves-Muse-2-1024x683.jpg 1024w, https:\/\/www.auberge-au-boeuf.fr\/wp-content\/uploads\/2025\/03\/auBerge-au-Boeuf-Oree-Des-Reves-Muse-2-300x200.jpg 300w, https:\/\/www.auberge-au-boeuf.fr\/wp-content\/uploads\/2025\/03\/auBerge-au-Boeuf-Oree-Des-Reves-Muse-2-768x512.jpg 768w, https:\/\/www.auberge-au-boeuf.fr\/wp-content\/uploads\/2025\/03\/auBerge-au-Boeuf-Oree-Des-Reves-Muse-2-1536x1024.jpg 1536w, https:\/\/www.auberge-au-boeuf.fr\/wp-content\/uploads\/2025\/03\/auBerge-au-Boeuf-Oree-Des-Reves-Muse-2.jpg 2048w\" sizes=\"(max-width: 800px) 100vw, 800px\" \/>\t\t\t\t\t\t\t\t\t\t\t\t\t\t\t<\/div>\n\t\t\t\t<\/div>\n\t\t\t\t<div class=\"elementor-element elementor-element-a58a21d elementor-widget elementor-widget-image\" data-id=\"a58a21d\" data-element_type=\"widget\" data-e-type=\"widget\" data-widget_type=\"image.default\">\n\t\t\t\t<div class=\"elementor-widget-container\">\n\t\t\t\t\t\t\t\t\t\t\t\t\t\t\t<img decoding=\"async\" width=\"800\" height=\"534\" src=\"https:\/\/www.auberge-au-boeuf.fr\/wp-content\/uploads\/2025\/03\/auBerge-au-Boeuf-Oree-Des-Reves-Muse-3-1024x683.jpg\" class=\"attachment-large size-large wp-image-1357\" alt=\"\" srcset=\"https:\/\/www.auberge-au-boeuf.fr\/wp-content\/uploads\/2025\/03\/auBerge-au-Boeuf-Oree-Des-Reves-Muse-3-1024x683.jpg 1024w, https:\/\/www.auberge-au-boeuf.fr\/wp-content\/uploads\/2025\/03\/auBerge-au-Boeuf-Oree-Des-Reves-Muse-3-300x200.jpg 300w, https:\/\/www.auberge-au-boeuf.fr\/wp-content\/uploads\/2025\/03\/auBerge-au-Boeuf-Oree-Des-Reves-Muse-3-768x512.jpg 768w, https:\/\/www.auberge-au-boeuf.fr\/wp-content\/uploads\/2025\/03\/auBerge-au-Boeuf-Oree-Des-Reves-Muse-3-1536x1024.jpg 1536w, https:\/\/www.auberge-au-boeuf.fr\/wp-content\/uploads\/2025\/03\/auBerge-au-Boeuf-Oree-Des-Reves-Muse-3.jpg 2048w\" sizes=\"(max-width: 800px) 100vw, 800px\" \/>\t\t\t\t\t\t\t\t\t\t\t\t\t\t\t<\/div>\n\t\t\t\t<\/div>\n\t\t\t\t\t<\/div>\n\t\t\t\t<\/div>\n\t\t\t\t<\/div>\n\t\t","protected":false},"excerpt":{"rendered":"<p>Eine sch\u00f6ne Anspielung auf Fr\u00e9d\u00e9rique Brion, die Tochter des Pfarrers und &#8222;Muse&#8220; des ber\u00fchmten Dichters Wolfgang von Goethe im Jahre 1770 in Sessenheim. Das Zimmer Zimmer mit 25 m2 Wundersch\u00f6ne Terrasse mit Blick auf unseren Koi-Teich Klimaanlage Wohnzimmerecke Badezimmer Hochwertige Bettw\u00e4sche TV Wi-Fi Espressomaschine Mini-Bar Preise Unter der Woche: 195 \u20ac* (Montag bis Donnerstag und [&hellip;]<\/p>\n","protected":false},"author":1,"featured_media":0,"parent":1249,"menu_order":0,"comment_status":"closed","ping_status":"closed","template":"","meta":{"_acf_changed":false,"footnotes":""},"type-page":[26],"class_list":["post-1327","page","type-page","status-publish","hentry","type-page-hotel"],"acf":[],"_links":{"self":[{"href":"https:\/\/www.auberge-au-boeuf.fr\/de\/wp-json\/wp\/v2\/pages\/1327","targetHints":{"allow":["GET"]}}],"collection":[{"href":"https:\/\/www.auberge-au-boeuf.fr\/de\/wp-json\/wp\/v2\/pages"}],"about":[{"href":"https:\/\/www.auberge-au-boeuf.fr\/de\/wp-json\/wp\/v2\/types\/page"}],"author":[{"embeddable":true,"href":"https:\/\/www.auberge-au-boeuf.fr\/de\/wp-json\/wp\/v2\/users\/1"}],"replies":[{"embeddable":true,"href":"https:\/\/www.auberge-au-boeuf.fr\/de\/wp-json\/wp\/v2\/comments?post=1327"}],"version-history":[{"count":7,"href":"https:\/\/www.auberge-au-boeuf.fr\/de\/wp-json\/wp\/v2\/pages\/1327\/revisions"}],"predecessor-version":[{"id":1890,"href":"https:\/\/www.auberge-au-boeuf.fr\/de\/wp-json\/wp\/v2\/pages\/1327\/revisions\/1890"}],"up":[{"embeddable":true,"href":"https:\/\/www.auberge-au-boeuf.fr\/de\/wp-json\/wp\/v2\/pages\/1249"}],"wp:attachment":[{"href":"https:\/\/www.auberge-au-boeuf.fr\/de\/wp-json\/wp\/v2\/media?parent=1327"}],"wp:term":[{"taxonomy":"type-page","embeddable":true,"href":"https:\/\/www.auberge-au-boeuf.fr\/de\/wp-json\/wp\/v2\/type-page?post=1327"}],"curies":[{"name":"wp","href":"https:\/\/api.w.org\/{rel}","templated":true}]}}